{"id":738,"date":"2020-02-18T14:59:55","date_gmt":"2020-02-18T13:59:55","guid":{"rendered":"https:\/\/www.artworksprod.com\/?page_id=738"},"modified":"2022-06-02T01:19:01","modified_gmt":"2022-06-01T23:19:01","slug":"services","status":"publish","type":"page","link":"https:\/\/www.artworksprod.com\/fr\/services\/","title":{"rendered":"Nos services"},"content":{"rendered":"<div data-elementor-type=\"wp-post\" data-elementor-id=\"738\" class=\"elementor elementor-738\">\n\t\t\t\t\t\t<section class=\"elementor-section elementor-top-section elementor-element elementor-element-1e1c elementor-section-boxed elementor-section-height-default elementor-section-height-default\" data-id=\"1e1c\" data-element_type=\"section\" data-settings=\"{&quot;background_background&quot;:&quot;classic&quot;}\">\n\t\t\t\t\t\t<div class=\"elementor-container elementor-column-gap-default\">\n\t\t\t\t\t<div class=\"elementor-column elementor-col-100 elementor-top-column elementor-element elementor-element-3b8f\" data-id=\"3b8f\" data-element_type=\"column\">\n\t\t\t<div class=\"elementor-widget-wrap elementor-element-populated\">\n\t\t\t\t\t\t<div class=\"elementor-element elementor-element-6aee elementor-widget elementor-widget-services-post\" data-id=\"6aee\" data-element_type=\"widget\" data-widget_type=\"services-post.default\">\n\t\t\t\t<div class=\"elementor-widget-container\">\n\t\t\t            <div class=\"services-area sid6aee\">\n                <div class=\"row\">\n                    \n                    <!-- Single Item --> \n                    <div class=\"col-lg-4 col-sm-6\">\n\n                    \n                    <div class=\"service-single\">\n                                                <div class=\"servce-icon\">\n                            <a href=\"https:\/\/www.artworksprod.com\/fr\/filmudio_service\/production-executif\/\">\n                                <img decoding=\"async\" alt=\"iamge\" src=\"https:\/\/www.artworksprod.com\/wp-content\/uploads\/2020\/02\/PRODUCTION-EXECUTIVE.png\">\n                            <\/a>\n                         <\/div>\n                     \n                        \n                        <div class=\"service-details\">\n                            <h4><a href=\"https:\/\/www.artworksprod.com\/fr\/filmudio_service\/production-executif\/\">\n                                        PRODUCTION EXECUTIVE                                <\/a>\n                            <\/h4>\n                            <p>Vous \u00eates \u00e0 la recherche d\u2019un producteur ex\u00e9cutif sur toute la Tunisie? Besoin d\u2019une agence de production qui prend en<\/p>                        <\/div>\n                        <div class=\"back-content\" style=\"background-image: url('')\">\n                            <div class=\"hover_description\">\n                               <div class=\"servce-icon\">\n                                    <a href=\"https:\/\/www.artworksprod.com\/fr\/filmudio_service\/production-executif\/\">\n                                        <i class=\"icofont icofont-video-cam\"><\/i>\n                                    <\/a>\n                                 <\/div>\n                                <div class=\"service-details\">\n                                    <h4><a href=\"https:\/\/www.artworksprod.com\/fr\/filmudio_service\/production-executif\/\">\n                                                PRODUCTION EXECUTIVE                                        <\/a>\n                                    <\/h4>\n                                <\/div>\n                            <\/div>\n                        <\/div>\n\n                    <\/div>\n                                        <!-- Single Item -->\n\n\n                    <\/div>                 \n                    <!-- Single Item --> \n                    <div class=\"col-lg-4 col-sm-6\">\n\n                    \n                    <div class=\"service-single\">\n                                                <div class=\"servce-icon\">\n                            <a href=\"https:\/\/www.artworksprod.com\/fr\/filmudio_service\/post-production-fr\/\">\n                                <img decoding=\"async\" alt=\"iamge\" src=\"https:\/\/www.artworksprod.com\/wp-content\/uploads\/2020\/02\/POST-PRODUCTION.png\">\n                            <\/a>\n                         <\/div>\n                     \n                        \n                        <div class=\"service-details\">\n                            <h4><a href=\"https:\/\/www.artworksprod.com\/fr\/filmudio_service\/post-production-fr\/\">\n                                        POST- PRODUCTION                                <\/a>\n                            <\/h4>\n                            <p>La postproduction est l'\u00e9tape la plus importante dans une production audiovisuelle.Cette \u00e9tape donne vie \u00e0 tous les \u00e9l\u00e9ments de la<\/p>                        <\/div>\n                        <div class=\"back-content\" style=\"background-image: url('')\">\n                            <div class=\"hover_description\">\n                               <div class=\"servce-icon\">\n                                    <a href=\"https:\/\/www.artworksprod.com\/fr\/filmudio_service\/post-production-fr\/\">\n                                        <i class=\"icofont icofont-music-disk\"><\/i>\n                                    <\/a>\n                                 <\/div>\n                                <div class=\"service-details\">\n                                    <h4><a href=\"https:\/\/www.artworksprod.com\/fr\/filmudio_service\/post-production-fr\/\">\n                                                POST- PRODUCTION                                        <\/a>\n                                    <\/h4>\n                                <\/div>\n                            <\/div>\n                        <\/div>\n\n                    <\/div>\n                                        <!-- Single Item -->\n\n\n                    <\/div>                 \n                    <!-- Single Item --> \n                    <div class=\"col-lg-4 col-sm-6\">\n\n                    \n                    <div class=\"service-single\">\n                                                <div class=\"servce-icon\">\n                            <a href=\"https:\/\/www.artworksprod.com\/fr\/filmudio_service\/audio-production-2\/\">\n                                <img decoding=\"async\" alt=\"iamge\" src=\"https:\/\/www.artworksprod.com\/wp-content\/uploads\/2020\/02\/PRODUCTION-AUDIO.png\">\n                            <\/a>\n                         <\/div>\n                     \n                        \n                        <div class=\"service-details\">\n                            <h4><a href=\"https:\/\/www.artworksprod.com\/fr\/filmudio_service\/audio-production-2\/\">\n                                        PRODUCTION AUDIO                                <\/a>\n                            <\/h4>\n                            <p>Nous offrons \u00e0 nos clients un studio d'enregistrement audio et de conception sonore \u00e0 service complet de niveau professionnel. Nous h\u00e9bergeons un vaste<\/p>                        <\/div>\n                        <div class=\"back-content\" style=\"background-image: url('')\">\n                            <div class=\"hover_description\">\n                               <div class=\"servce-icon\">\n                                    <a href=\"https:\/\/www.artworksprod.com\/fr\/filmudio_service\/audio-production-2\/\">\n                                        <i class=\"icofont icofont-record\"><\/i>\n                                    <\/a>\n                                 <\/div>\n                                <div class=\"service-details\">\n                                    <h4><a href=\"https:\/\/www.artworksprod.com\/fr\/filmudio_service\/audio-production-2\/\">\n                                                PRODUCTION AUDIO                                        <\/a>\n                                    <\/h4>\n                                <\/div>\n                            <\/div>\n                        <\/div>\n\n                    <\/div>\n                                        <!-- Single Item -->\n\n\n                    <\/div>                 \n                    <!-- Single Item --> \n                    <div class=\"col-lg-4 col-sm-6\">\n\n                    \n                    <div class=\"service-single\">\n                                                <div class=\"servce-icon\">\n                            <a href=\"https:\/\/www.artworksprod.com\/fr\/filmudio_service\/films-institutionnels\/\">\n                                <img decoding=\"async\" alt=\"iamge\" src=\"https:\/\/www.artworksprod.com\/wp-content\/uploads\/2020\/02\/FILM-INSTITUTIONNEL.png\">\n                            <\/a>\n                         <\/div>\n                     \n                        \n                        <div class=\"service-details\">\n                            <h4><a href=\"https:\/\/www.artworksprod.com\/fr\/filmudio_service\/films-institutionnels\/\">\n                                        FILM+ (INSTITUTIONNEL)                                <\/a>\n                            <\/h4>\n                            <p>Films + est une marque bas\u00e9e en Tunisie par ARTWORKS PRODUCTION Rien n'est plus convaincant que l'image pour soutenir un<\/p>                        <\/div>\n                        <div class=\"back-content\" style=\"background-image: url('')\">\n                            <div class=\"hover_description\">\n                               <div class=\"servce-icon\">\n                                    <a href=\"https:\/\/www.artworksprod.com\/fr\/filmudio_service\/films-institutionnels\/\">\n                                        <i class=\"icofont icofont-film\"><\/i>\n                                    <\/a>\n                                 <\/div>\n                                <div class=\"service-details\">\n                                    <h4><a href=\"https:\/\/www.artworksprod.com\/fr\/filmudio_service\/films-institutionnels\/\">\n                                                FILM+ (INSTITUTIONNEL)                                        <\/a>\n                                    <\/h4>\n                                <\/div>\n                            <\/div>\n                        <\/div>\n\n                    <\/div>\n                                        <!-- Single Item -->\n\n\n                    <\/div>                 \n                    <!-- Single Item --> \n                    <div class=\"col-lg-4 col-sm-6\">\n\n                    \n                    <div class=\"service-single\">\n                                                <div class=\"servce-icon\">\n                            <a href=\"https:\/\/www.artworksprod.com\/fr\/filmudio_service\/motion-design-fr\/\">\n                                <img decoding=\"async\" alt=\"iamge\" src=\"https:\/\/www.artworksprod.com\/wp-content\/uploads\/2020\/02\/MOTION-DESIGN.png\">\n                            <\/a>\n                         <\/div>\n                     \n                        \n                        <div class=\"service-details\">\n                            <h4><a href=\"https:\/\/www.artworksprod.com\/fr\/filmudio_service\/motion-design-fr\/\">\n                                        MOTION DESIGN                                <\/a>\n                            <\/h4>\n                            <p>Le motion design est un outil essentiel pour les professionnels du marketing. Le motion design ou animation design est une technique consistant<\/p>                        <\/div>\n                        <div class=\"back-content\" style=\"background-image: url('')\">\n                            <div class=\"hover_description\">\n                               <div class=\"servce-icon\">\n                                    <a href=\"https:\/\/www.artworksprod.com\/fr\/filmudio_service\/motion-design-fr\/\">\n                                        <i class=\"icofont icofont-video-cam\"><\/i>\n                                    <\/a>\n                                 <\/div>\n                                <div class=\"service-details\">\n                                    <h4><a href=\"https:\/\/www.artworksprod.com\/fr\/filmudio_service\/motion-design-fr\/\">\n                                                MOTION DESIGN                                        <\/a>\n                                    <\/h4>\n                                <\/div>\n                            <\/div>\n                        <\/div>\n\n                    <\/div>\n                                        <!-- Single Item -->\n\n\n                    <\/div>                 \n                    <!-- Single Item --> \n                    <div class=\"col-lg-4 col-sm-6\">\n\n                    \n                    <div class=\"service-single\">\n                                                <div class=\"servce-icon\">\n                            <a href=\"https:\/\/www.artworksprod.com\/fr\/filmudio_service\/tourner-en-tunisie\/\">\n                                <img decoding=\"async\" alt=\"iamge\" src=\"https:\/\/www.artworksprod.com\/wp-content\/uploads\/2020\/02\/TOURNER-EN-TUNISIE.png\">\n                            <\/a>\n                         <\/div>\n                     \n                        \n                        <div class=\"service-details\">\n                            <h4><a href=\"https:\/\/www.artworksprod.com\/fr\/filmudio_service\/tourner-en-tunisie\/\">\n                                        TOURNER EN TUNISIE                                <\/a>\n                            <\/h4>\n                            <p>La Tunisie a toujours \u00e9t\u00e9 un carrefour de civilisations, une terre de contrastes, un pays de diversit\u00e9 et de richesse. - Quoi<\/p>                        <\/div>\n                        <div class=\"back-content\" style=\"background-image: url('')\">\n                            <div class=\"hover_description\">\n                               <div class=\"servce-icon\">\n                                    <a href=\"https:\/\/www.artworksprod.com\/fr\/filmudio_service\/tourner-en-tunisie\/\">\n                                        <i class=\"icofont icofont-video-cam\"><\/i>\n                                    <\/a>\n                                 <\/div>\n                                <div class=\"service-details\">\n                                    <h4><a href=\"https:\/\/www.artworksprod.com\/fr\/filmudio_service\/tourner-en-tunisie\/\">\n                                                TOURNER EN TUNISIE                                        <\/a>\n                                    <\/h4>\n                                <\/div>\n                            <\/div>\n                        <\/div>\n\n                    <\/div>\n                                        <!-- Single Item -->\n\n\n                    <\/div>                                 <\/div>\n            <\/div>\n\n            <script type=\"text\/javascript\">\n                jQuery(document).ready(function($) {\n\n                    var _arrows_set = false;\n                    var _autoplay_set = false;\n                    var _autoplay_speed = 5000;\n                    var _showitem_set = 3;\n                    var _showitemtablet_set = 2;\n                    var _showitemmobile_set = 2;\n                    var _itemmarginset = 30;\n\n                    $('.sid6aee .sevice-active').owlCarousel({\n                        items:_showitem_set,\n                        margin:_itemmarginset,\n                        autoHeight:true,\n                        dots: false,\n                        nav: _arrows_set,\n                        autoplay: _autoplay_set,\n                        smartSpeed:_autoplay_speed,\n                        navText:['<i class=\"icofont icofont-long-arrow-left\"><\/i>','<i class=\"icofont icofont-long-arrow-right\"><\/i>'],\n                          responsive: {\n                            0: {\n                              items: 1\n                            },\n                            575:{\n                                items: _showitemmobile_set\n                            },\n                            768:{\n                                items: _showitemtablet_set\n                            },\n                            1000:{\n                                items: _showitem_set\n                            },\n                          }\n\n                    }); \n                    \n                });\n\n            <\/script>\n\n        \t\t<\/div>\n\t\t\t\t<\/div>\n\t\t\t\t\t<\/div>\n\t\t<\/div>\n\t\t\t\t\t<\/div>\n\t\t<\/section>\n\t\t\t\t<\/div>","protected":false},"excerpt":{"rendered":"","protected":false},"author":1,"featured_media":0,"parent":0,"menu_order":0,"comment_status":"closed","ping_status":"closed","template":"elementor_header_footer","meta":{"om_disable_all_campaigns":false,"_monsterinsights_skip_tracking":false,"_monsterinsights_sitenote_active":false,"_monsterinsights_sitenote_note":"","_monsterinsights_sitenote_category":0,"_uf_show_specific_survey":0,"_uf_disable_surveys":false,"footnotes":""},"class_list":["post-738","page","type-page","status-publish","hentry"],"aioseo_notices":[],"_links":{"self":[{"href":"https:\/\/www.artworksprod.com\/fr\/wp-json\/wp\/v2\/pages\/738","targetHints":{"allow":["GET"]}}],"collection":[{"href":"https:\/\/www.artworksprod.com\/fr\/wp-json\/wp\/v2\/pages"}],"about":[{"href":"https:\/\/www.artworksprod.com\/fr\/wp-json\/wp\/v2\/types\/page"}],"author":[{"embeddable":true,"href":"https:\/\/www.artworksprod.com\/fr\/wp-json\/wp\/v2\/users\/1"}],"replies":[{"embeddable":true,"href":"https:\/\/www.artworksprod.com\/fr\/wp-json\/wp\/v2\/comments?post=738"}],"version-history":[{"count":8,"href":"https:\/\/www.artworksprod.com\/fr\/wp-json\/wp\/v2\/pages\/738\/revisions"}],"predecessor-version":[{"id":1250,"href":"https:\/\/www.artworksprod.com\/fr\/wp-json\/wp\/v2\/pages\/738\/revisions\/1250"}],"wp:attachment":[{"href":"https:\/\/www.artworksprod.com\/fr\/wp-json\/wp\/v2\/media?parent=738"}],"curies":[{"name":"wp","href":"https:\/\/api.w.org\/{rel}","templated":true}]}}