{"id":1358,"date":"2022-03-16T22:47:04","date_gmt":"2022-03-16T21:47:04","guid":{"rendered":"https:\/\/www.artworksprod.com\/?page_id=1358"},"modified":"2022-08-22T22:48:30","modified_gmt":"2022-08-22T20:48:30","slug":"48hfp-2","status":"publish","type":"page","link":"https:\/\/www.artworksprod.com\/fr\/48hfp-2\/","title":{"rendered":"48 Hour Film Project"},"content":{"rendered":"<div data-elementor-type=\"wp-page\" data-elementor-id=\"1358\" class=\"elementor elementor-1358\">\n\t\t\t\t\t\t<section class=\"elementor-section elementor-top-section elementor-element elementor-element-5eb9f003 elementor-section-boxed elementor-section-height-default elementor-section-height-default\" data-id=\"5eb9f003\" data-element_type=\"section\">\n\t\t\t\t\t\t<div class=\"elementor-container elementor-column-gap-default\">\n\t\t\t\t\t<div class=\"elementor-column elementor-col-100 elementor-top-column elementor-element elementor-element-5305d415\" data-id=\"5305d415\" data-element_type=\"column\">\n\t\t\t<div class=\"elementor-widget-wrap elementor-element-populated\">\n\t\t\t\t\t\t<div class=\"elementor-element elementor-element-6f531cdf elementor-widget elementor-widget-text-editor\" data-id=\"6f531cdf\" data-element_type=\"widget\" data-widget_type=\"text-editor.default\">\n\t\t\t\t<div class=\"elementor-widget-container\">\n\t\t\t\t\t\t\t<!-- wp:tadv\/classic-paragraph -->\n<p>Avec plus de 30.000 courts-m\u00e9trages \u00e0 son actif, \u00ab&nbsp;<strong>The 48 Hour Film Project<\/strong>&nbsp;\u00bb a gagn\u00e9 sa place en tant que&nbsp;<strong>plus grand concours de production de films au monde<\/strong>.<\/p>\n<p>Et malgr\u00e9 son succ\u00e8s de grande envergure internationale, la comp\u00e9tition a su pr\u00e9server son patrimoine populaire et continue d\u2019offrir des d\u00e9fis passionnants pour les&nbsp;<strong>cin\u00e9astes de tous niveaux<\/strong>.<\/p>\n<p>The <strong>48 Hour Film Project<\/strong> est v\u00e9ritable marathon du film s\u2019est export\u00e9 un peu partout dans 150 villes du monde entier en septembre dernier, et se d\u00e9roule, comme son nom l\u2019indique, en&nbsp;<strong>48h seulement<\/strong>.<\/p>\n<p>Le principe est simple : apr\u00e8s avoir tir\u00e9 au sort le genre de film \u00e0 produire, les participants ont dispos\u00e9 de seulement deux jours pour \u00e9crire, tourner et monter une \u0153uvre de cinq \u00e0 sept minutes. \u00c0 l\u2019issue de ces 48 heures, les courts m\u00e9trages ont \u00e9t\u00e9 projet\u00e9s dans chaque ville du concours et un jury de professionnels a attribu\u00e9 plusieurs prix. C\u2019est donc \u00e0 l\u2019occasion de la grande finale, Filmapalooza, que sont projet\u00e9s les meilleurs films.<\/p>\n<p><strong>UN \u00c9V\u00c9NEMENT ITIN\u00c9RANT:<\/strong><\/p>\n<p>The 48 Hour Film Project, cr\u00e9\u00e9 en 2001 aux \u00c9tats-Unis, a pour objectif de contribuer \u00e0 l\u2019\u00e9volution de la production et de la r\u00e9alisation de courts m\u00e9trages, et surtout \u00e0 encourager les r\u00e9alisateurs et r\u00e9alisatrices en herbe \u00e0 se lancer dans l\u2019aventure de la cr\u00e9ation d\u2019un film. Ce festival, pr\u00e9sent dans la plupart des grandes capitales mondiales est devenu une comp\u00e9tition internationale \u00e0 succ\u00e8s, la qualit\u00e9 des courts m\u00e9trages y \u00e9tant toujours surprenante et riche.<\/p>\n<p>Depuis 2014, <strong>ARTWORKS PRODUCTION<\/strong> produire et organise ce festival en exclusivit\u00e9 en Tunisie.<\/p>\n<!-- \/wp:tadv\/classic-paragraph -->\t\t\t\t\t\t<\/div>\n\t\t\t\t<\/div>\n\t\t\t\t\t<\/div>\n\t\t<\/div>\n\t\t\t\t\t<\/div>\n\t\t<\/section>\n\t\t\t\t<\/div>","protected":false},"excerpt":{"rendered":"<p>Avec plus de 30.000 courts-m\u00e9trages \u00e0 son actif, \u00ab&nbsp;The 48 Hour Film Project&nbsp;\u00bb a gagn\u00e9 sa place en tant que&nbsp;plus grand concours de production de films au monde. Et malgr\u00e9 son succ\u00e8s de grande envergure internationale, la comp\u00e9tition a su pr\u00e9server son patrimoine populaire et continue d\u2019offrir des d\u00e9fis passionnants pour les&nbsp;cin\u00e9astes de tous niveaux. [&hellip;]<\/p>","protected":false},"author":1,"featured_media":0,"parent":0,"menu_order":0,"comment_status":"closed","ping_status":"closed","template":"","meta":{"om_disable_all_campaigns":false,"_monsterinsights_skip_tracking":false,"_monsterinsights_sitenote_active":false,"_monsterinsights_sitenote_note":"","_monsterinsights_sitenote_category":0,"_uf_show_specific_survey":0,"_uf_disable_surveys":false,"footnotes":""},"class_list":["post-1358","page","type-page","status-publish","hentry"],"aioseo_notices":[],"_links":{"self":[{"href":"https:\/\/www.artworksprod.com\/fr\/wp-json\/wp\/v2\/pages\/1358","targetHints":{"allow":["GET"]}}],"collection":[{"href":"https:\/\/www.artworksprod.com\/fr\/wp-json\/wp\/v2\/pages"}],"about":[{"href":"https:\/\/www.artworksprod.com\/fr\/wp-json\/wp\/v2\/types\/page"}],"author":[{"embeddable":true,"href":"https:\/\/www.artworksprod.com\/fr\/wp-json\/wp\/v2\/users\/1"}],"replies":[{"embeddable":true,"href":"https:\/\/www.artworksprod.com\/fr\/wp-json\/wp\/v2\/comments?post=1358"}],"version-history":[{"count":5,"href":"https:\/\/www.artworksprod.com\/fr\/wp-json\/wp\/v2\/pages\/1358\/revisions"}],"predecessor-version":[{"id":1975,"href":"https:\/\/www.artworksprod.com\/fr\/wp-json\/wp\/v2\/pages\/1358\/revisions\/1975"}],"wp:attachment":[{"href":"https:\/\/www.artworksprod.com\/fr\/wp-json\/wp\/v2\/media?parent=1358"}],"curies":[{"name":"wp","href":"https:\/\/api.w.org\/{rel}","templated":true}]}}